{"id":622,"date":"2025-03-01T21:53:55","date_gmt":"2025-03-01T20:53:55","guid":{"rendered":"https:\/\/hockey-united.de.w01ecd90.kasserver.com\/?page_id=622"},"modified":"2025-05-26T17:28:28","modified_gmt":"2025-05-26T15:28:28","slug":"erwachsene","status":"publish","type":"page","link":"https:\/\/hockey-united.de\/?page_id=622","title":{"rendered":"Erwachsene"},"content":{"rendered":"<p>[et_pb_section fb_built=&#8220;1&#8243; _builder_version=&#8220;4.27.4&#8243; _module_preset=&#8220;default&#8220; global_colors_info=&#8220;{}&#8220;][et_pb_row _builder_version=&#8220;4.27.4&#8243; _module_preset=&#8220;default&#8220; global_colors_info=&#8220;{}&#8220;][et_pb_column type=&#8220;4_4&#8243; _builder_version=&#8220;4.27.4&#8243; _module_preset=&#8220;default&#8220; global_colors_info=&#8220;{}&#8220;][et_pb_heading title=&#8220;Erwachsene&#8220; _builder_version=&#8220;4.27.4&#8243; _module_preset=&#8220;default&#8220; title_font=&#8220;Alfa Slab One||||||||&#8220; title_text_align=&#8220;center&#8220; title_font_size=&#8220;90px&#8220; title_font_size_tablet=&#8220;50px&#8220; title_font_size_phone=&#8220;30px&#8220; title_font_size_last_edited=&#8220;on|phone&#8220; global_colors_info=&#8220;{}&#8220;][\/et_pb_heading][\/et_pb_column][\/et_pb_row][et_pb_row _builder_version=&#8220;4.27.4&#8243; _module_preset=&#8220;default&#8220; global_colors_info=&#8220;{}&#8220;][et_pb_column type=&#8220;4_4&#8243; _builder_version=&#8220;4.27.4&#8243; _module_preset=&#8220;default&#8220; global_colors_info=&#8220;{}&#8220;][et_pb_image src=&#8220;https:\/\/hockey-united.de.w01ecd90.kasserver.com\/wp-content\/uploads\/2025\/03\/Team-Kader-2024_25.jpg&#8220; title_text=&#8220;Team Kader 2024_25&#8243; _builder_version=&#8220;4.27.4&#8243; _module_preset=&#8220;default&#8220; global_colors_info=&#8220;{}&#8220;][\/et_pb_image][\/et_pb_column][\/et_pb_row][et_pb_row column_structure=&#8220;1_3,1_3,1_3&#8243; _builder_version=&#8220;4.27.4&#8243; _module_preset=&#8220;default&#8220; global_colors_info=&#8220;{}&#8220;][et_pb_column type=&#8220;1_3&#8243; _builder_version=&#8220;4.27.4&#8243; _module_preset=&#8220;default&#8220; global_colors_info=&#8220;{}&#8220;][et_pb_icon font_icon=&#8220;&#xf0c0;||fa||900&#8243; _builder_version=&#8220;4.27.4&#8243; _module_preset=&#8220;default&#8220; global_colors_info=&#8220;{}&#8220;][\/et_pb_icon][et_pb_text _builder_version=&#8220;4.27.4&#8243; _module_preset=&#8220;default&#8220; text_orientation=&#8220;center&#8220; hover_enabled=&#8220;0&#8243; global_colors_info=&#8220;{}&#8220; sticky_enabled=&#8220;0&#8243;]<\/p>\n<h4>Unser aktuelles Team<\/h4>\n<p>Florian Stibbe, Johanna H\u00f6per &#8211; Julian Moschkau, Celina Scurt, Pascal K\u00f6ster, Franziska H\u00f6per, Kristoffer H\u00f6nke, Sven Moormann, Andr\u00e9 Wagner &#8211; Hendrik Linnemann, Lukas Moschkau, Henrik Grotefels, Yurii Kuzmichov, Ataullah Gulistani, Necati Cicek, Steven Peuker, Fabian M\u00fcller, David Pototzky, Ingo Tomlin<\/p>\n<p>[\/et_pb_text][\/et_pb_column][et_pb_column type=&#8220;1_3&#8243; _builder_version=&#8220;4.27.4&#8243; _module_preset=&#8220;default&#8220; global_colors_info=&#8220;{}&#8220;][et_pb_icon font_icon=&#8220;&#xf51c;||fa||900&#8243; _builder_version=&#8220;4.27.4&#8243; _module_preset=&#8220;default&#8220; global_colors_info=&#8220;{}&#8220;][\/et_pb_icon][et_pb_text _builder_version=&#8220;4.27.4&#8243; _module_preset=&#8220;default&#8220; text_orientation=&#8220;center&#8220; global_colors_info=&#8220;{}&#8220;]<\/p>\n<h4>Trainerteam<\/h4>\n<p>coming soon&#8230;<\/p>\n<p>[\/et_pb_text][\/et_pb_column][et_pb_column type=&#8220;1_3&#8243; _builder_version=&#8220;4.27.4&#8243; _module_preset=&#8220;default&#8220; global_colors_info=&#8220;{}&#8220;][et_pb_icon font_icon=&#8220;&#xf073;||fa||400&#8243; _builder_version=&#8220;4.27.4&#8243; _module_preset=&#8220;default&#8220; global_colors_info=&#8220;{}&#8220;][\/et_pb_icon][et_pb_text _builder_version=&#8220;4.27.4&#8243; _module_preset=&#8220;default&#8220; text_orientation=&#8220;center&#8220; global_colors_info=&#8220;{}&#8220;]<\/p>\n<h4>Training Feldsaison 2025<\/h4>\n<p>Freitag, 19:30 &#8211; 21.00 Uhr<br \/>Sportzentrum Dahl (Grote Dahlweg)<\/p>\n<p><strong>zus\u00e4tzlich ab Mitte April:<\/strong><br \/>Mittwoch, 18:00 &#8211; 19:30 Uhr<br \/>Sportzentrum Dahl (Grote Dahlweg)<\/p>\n<p>[\/et_pb_text][\/et_pb_column][\/et_pb_row][\/et_pb_section]<\/p>\n","protected":false},"excerpt":{"rendered":"<p>Unser aktuelles Team Florian Stibbe, Johanna H\u00f6per &#8211; Julian Moschkau, Celina Scurt, Pascal K\u00f6ster, Franziska H\u00f6per, Kristoffer H\u00f6nke, Sven Moormann, Andr\u00e9 Wagner &#8211; Hendrik Linnemann, Lukas Moschkau, Henrik Grotefels, Yurii Kuzmichov, Ataullah Gulistani, Necati Cicek, Steven Peuker, Fabian M\u00fcller, David Pototzky, Ingo TomlinTrainerteam coming soon&#8230;Training Feldsaison 2025 Freitag, 19:30 &#8211; 21.00 UhrSportzentrum Dahl (Grote Dahlweg) [&hellip;]<\/p>\n","protected":false},"author":2,"featured_media":0,"parent":0,"menu_order":0,"comment_status":"closed","ping_status":"closed","template":"","meta":{"_et_pb_use_builder":"on","_et_pb_old_content":"","_et_gb_content_width":"","footnotes":""},"class_list":["post-622","page","type-page","status-publish","hentry"],"_links":{"self":[{"href":"https:\/\/hockey-united.de\/index.php?rest_route=\/wp\/v2\/pages\/622","targetHints":{"allow":["GET"]}}],"collection":[{"href":"https:\/\/hockey-united.de\/index.php?rest_route=\/wp\/v2\/pages"}],"about":[{"href":"https:\/\/hockey-united.de\/index.php?rest_route=\/wp\/v2\/types\/page"}],"author":[{"embeddable":true,"href":"https:\/\/hockey-united.de\/index.php?rest_route=\/wp\/v2\/users\/2"}],"replies":[{"embeddable":true,"href":"https:\/\/hockey-united.de\/index.php?rest_route=%2Fwp%2Fv2%2Fcomments&post=622"}],"version-history":[{"count":9,"href":"https:\/\/hockey-united.de\/index.php?rest_route=\/wp\/v2\/pages\/622\/revisions"}],"predecessor-version":[{"id":863,"href":"https:\/\/hockey-united.de\/index.php?rest_route=\/wp\/v2\/pages\/622\/revisions\/863"}],"wp:attachment":[{"href":"https:\/\/hockey-united.de\/index.php?rest_route=%2Fwp%2Fv2%2Fmedia&parent=622"}],"curies":[{"name":"wp","href":"https:\/\/api.w.org\/{rel}","templated":true}]}}